{"id":1823,"date":"2024-01-30T13:22:31","date_gmt":"2024-01-30T12:22:31","guid":{"rendered":"https:\/\/zanetapawlik.pl\/?page_id=1823"},"modified":"2026-04-11T17:12:51","modified_gmt":"2026-04-11T15:12:51","slug":"zaneta-pawlik","status":"publish","type":"page","link":"https:\/\/zanetapawlik.pl\/","title":{"rendered":"\u017baneta Pawlik"},"content":{"rendered":"\n<blockquote class=\"wp-block-quote is-layout-flow wp-block-quote-is-layout-flow\">\n<p>Autorka wsp\u00f3\u0142czesnej prozy o ludziach staj\u0105cych w obliczu \u017cyciowych wyzwa\u0144, kt\u00f3rzy poszukuj\u0105 mi\u0142o\u015bci, bezpiecze\u0144stwa i w\u0142asnej drogi. Pisze powie\u015bci obyczajowe i literatur\u0119 pi\u0119kn\u0105, \u0142\u0105cz\u0105c w\u0105tki psychologiczne z refleksj\u0105 nad codzienno\u015bci\u0105.<\/p>\n<\/blockquote>\n\n\n\n<div class=\"wp-block-group has-large-font-size\"><div class=\"wp-block-group__inner-container is-layout-constrained wp-block-group-is-layout-constrained\"><\/div><\/div>\n\n\n\n<div class=\"wp-block-media-text has-media-on-the-right is-stacked-on-mobile\"><div class=\"wp-block-media-text__content\">\n<p>W jej tw\u00f3rczo\u015bci centralne miejsce zajmuj\u0105 emocje, relacje mi\u0119dzyludzkie oraz trudne \u017cyciowe wybory.<\/p>\n\n\n\n<div class=\"wp-block-buttons is-content-justification-center is-layout-flex wp-container-core-buttons-is-layout-16018d1d wp-block-buttons-is-layout-flex\">\n<div class=\"wp-block-button is-style-outline is-style-outline--1\"><a class=\"wp-block-button__link wp-element-button\" href=\"https:\/\/zanetapawlik.pl\/index.php\/ksiazki\/\">Sprawd\u017a<\/a><\/div>\n<\/div>\n<\/div><figure class=\"wp-block-media-text__media\"><img loading=\"lazy\" decoding=\"async\" width=\"1024\" height=\"683\" src=\"https:\/\/zanetapawlik.pl\/wp-content\/uploads\/2024\/05\/Zaneta-Pawlik-cegla-1024x683.jpg\" alt=\"\" class=\"wp-image-2265 size-full\" srcset=\"https:\/\/zanetapawlik.pl\/wp-content\/uploads\/2024\/05\/Zaneta-Pawlik-cegla-1024x683.jpg 1024w, https:\/\/zanetapawlik.pl\/wp-content\/uploads\/2024\/05\/Zaneta-Pawlik-cegla-300x200.jpg 300w, https:\/\/zanetapawlik.pl\/wp-content\/uploads\/2024\/05\/Zaneta-Pawlik-cegla-768x512.jpg 768w, https:\/\/zanetapawlik.pl\/wp-content\/uploads\/2024\/05\/Zaneta-Pawlik-cegla-1536x1025.jpg 1536w, https:\/\/zanetapawlik.pl\/wp-content\/uploads\/2024\/05\/Zaneta-Pawlik-cegla-2048x1367.jpg 2048w, https:\/\/zanetapawlik.pl\/wp-content\/uploads\/2024\/05\/Zaneta-Pawlik-cegla-1140x761.jpg 1140w\" sizes=\"auto, (max-width: 1024px) 100vw, 1024px\" \/><\/figure><\/div>\n\n\n\n<div style=\"height:30px\" aria-hidden=\"true\" class=\"wp-block-spacer\"><\/div>\n\n\n\n<div style=\"height:50px\" aria-hidden=\"true\" class=\"wp-block-spacer\"><\/div>\n\n\n\n<hr class=\"wp-block-separator has-alpha-channel-opacity\"\/>\n\n\n\n<blockquote class=\"wp-block-quote is-layout-flow wp-block-quote-is-layout-flow\">\n<p id=\"block-3aa019dc-98ab-4f57-9727-930b65cfe896\">\u017baneta Pawlik wnikliwie obserwuje rzeczywisto\u015b\u0107 i w znakomitej formie serwuje j\u0105 czytelnikom, z wyczuciem poruszaj\u0105c si\u0119 po wa\u017cnych i trudnych tematach.<\/p>\n<cite>Tomasz Betcher, autor<\/cite><\/blockquote>\n\n\n\n<hr class=\"wp-block-separator has-alpha-channel-opacity\"\/>\n\n\n\n<div style=\"height:50px\" aria-hidden=\"true\" class=\"wp-block-spacer\"><\/div>\n\n\n\n<h2 class=\"wp-block-heading\">Ksi\u0105\u017cki<\/h2>\n\n\n\n<figure class=\"wp-block-image size-large\"><img loading=\"lazy\" decoding=\"async\" width=\"683\" height=\"1024\" src=\"https:\/\/zanetapawlik.pl\/wp-content\/uploads\/2026\/04\/ksiazki-strona-poczatkowa-na-BLOGu-683x1024.png\" alt=\"\" class=\"wp-image-2512\" srcset=\"https:\/\/zanetapawlik.pl\/wp-content\/uploads\/2026\/04\/ksiazki-strona-poczatkowa-na-BLOGu-683x1024.png 683w, https:\/\/zanetapawlik.pl\/wp-content\/uploads\/2026\/04\/ksiazki-strona-poczatkowa-na-BLOGu-200x300.png 200w, https:\/\/zanetapawlik.pl\/wp-content\/uploads\/2026\/04\/ksiazki-strona-poczatkowa-na-BLOGu-768x1152.png 768w, https:\/\/zanetapawlik.pl\/wp-content\/uploads\/2026\/04\/ksiazki-strona-poczatkowa-na-BLOGu.png 800w\" sizes=\"auto, (max-width: 683px) 100vw, 683px\" \/><\/figure>\n\n\n\n<figure class=\"wp-block-image size-full\"><img loading=\"lazy\" decoding=\"async\" width=\"800\" height=\"1200\" src=\"https:\/\/zanetapawlik.pl\/wp-content\/uploads\/2025\/05\/ksiazki-strona-poczatkowa-na-BLOGu-1.png\" alt=\"\" class=\"wp-image-2408\" srcset=\"https:\/\/zanetapawlik.pl\/wp-content\/uploads\/2025\/05\/ksiazki-strona-poczatkowa-na-BLOGu-1.png 800w, https:\/\/zanetapawlik.pl\/wp-content\/uploads\/2025\/05\/ksiazki-strona-poczatkowa-na-BLOGu-1-200x300.png 200w, https:\/\/zanetapawlik.pl\/wp-content\/uploads\/2025\/05\/ksiazki-strona-poczatkowa-na-BLOGu-1-683x1024.png 683w, https:\/\/zanetapawlik.pl\/wp-content\/uploads\/2025\/05\/ksiazki-strona-poczatkowa-na-BLOGu-1-768x1152.png 768w\" sizes=\"auto, (max-width: 800px) 100vw, 800px\" \/><\/figure>\n\n\n<div class=\"wp-block-image\">\n<figure class=\"aligncenter size-large\"><a href=\"https:\/\/zanetapawlik.pl\/index.php\/ksiazki\/\"><img loading=\"lazy\" decoding=\"async\" width=\"683\" height=\"1024\" src=\"https:\/\/zanetapawlik.pl\/wp-content\/uploads\/2024\/05\/Za-zaslona-milczenia-Zaneta-Pawlik-1-683x1024.png\" alt=\"\" class=\"wp-image-2135\" srcset=\"https:\/\/zanetapawlik.pl\/wp-content\/uploads\/2024\/05\/Za-zaslona-milczenia-Zaneta-Pawlik-1-683x1024.png 683w, https:\/\/zanetapawlik.pl\/wp-content\/uploads\/2024\/05\/Za-zaslona-milczenia-Zaneta-Pawlik-1-200x300.png 200w, https:\/\/zanetapawlik.pl\/wp-content\/uploads\/2024\/05\/Za-zaslona-milczenia-Zaneta-Pawlik-1-768x1152.png 768w, https:\/\/zanetapawlik.pl\/wp-content\/uploads\/2024\/05\/Za-zaslona-milczenia-Zaneta-Pawlik-1-1024x1536.png 1024w, https:\/\/zanetapawlik.pl\/wp-content\/uploads\/2024\/05\/Za-zaslona-milczenia-Zaneta-Pawlik-1-1365x2048.png 1365w, https:\/\/zanetapawlik.pl\/wp-content\/uploads\/2024\/05\/Za-zaslona-milczenia-Zaneta-Pawlik-1-1140x1710.png 1140w\" sizes=\"auto, (max-width: 683px) 100vw, 683px\" \/><\/a><\/figure>\n<\/div>\n\n<div class=\"wp-block-image\">\n<figure class=\"aligncenter size-large\"><a href=\"https:\/\/zanetapawlik.pl\/index.php\/ksiazki\/\"><img loading=\"lazy\" decoding=\"async\" width=\"683\" height=\"1024\" src=\"https:\/\/zanetapawlik.pl\/wp-content\/uploads\/2024\/05\/Tamarynd-Zaneta-Pawlik-683x1024.png\" alt=\"\" class=\"wp-image-2131\" srcset=\"https:\/\/zanetapawlik.pl\/wp-content\/uploads\/2024\/05\/Tamarynd-Zaneta-Pawlik-683x1024.png 683w, https:\/\/zanetapawlik.pl\/wp-content\/uploads\/2024\/05\/Tamarynd-Zaneta-Pawlik-200x300.png 200w, https:\/\/zanetapawlik.pl\/wp-content\/uploads\/2024\/05\/Tamarynd-Zaneta-Pawlik-768x1152.png 768w, https:\/\/zanetapawlik.pl\/wp-content\/uploads\/2024\/05\/Tamarynd-Zaneta-Pawlik-1024x1536.png 1024w, https:\/\/zanetapawlik.pl\/wp-content\/uploads\/2024\/05\/Tamarynd-Zaneta-Pawlik-1365x2048.png 1365w, https:\/\/zanetapawlik.pl\/wp-content\/uploads\/2024\/05\/Tamarynd-Zaneta-Pawlik-1140x1710.png 1140w\" sizes=\"auto, (max-width: 683px) 100vw, 683px\" \/><\/a><\/figure>\n<\/div>\n\n\n<div style=\"height:50px\" aria-hidden=\"true\" class=\"wp-block-spacer\"><\/div>\n\n\n\n<hr class=\"wp-block-separator has-alpha-channel-opacity\"\/>\n\n\n\n<div style=\"height:50px\" aria-hidden=\"true\" class=\"wp-block-spacer\"><\/div>\n\n\n<div class=\"wp-block-image\">\n<figure class=\"aligncenter size-large\"><img loading=\"lazy\" decoding=\"async\" width=\"1024\" height=\"684\" src=\"https:\/\/zanetapawlik.pl\/wp-content\/uploads\/2024\/05\/Zaneta-Pawlik-trzepak-1024x684.jpg\" alt=\"\" class=\"wp-image-2239\" srcset=\"https:\/\/zanetapawlik.pl\/wp-content\/uploads\/2024\/05\/Zaneta-Pawlik-trzepak-1024x684.jpg 1024w, https:\/\/zanetapawlik.pl\/wp-content\/uploads\/2024\/05\/Zaneta-Pawlik-trzepak-300x200.jpg 300w, https:\/\/zanetapawlik.pl\/wp-content\/uploads\/2024\/05\/Zaneta-Pawlik-trzepak-768x513.jpg 768w, https:\/\/zanetapawlik.pl\/wp-content\/uploads\/2024\/05\/Zaneta-Pawlik-trzepak-1536x1026.jpg 1536w, https:\/\/zanetapawlik.pl\/wp-content\/uploads\/2024\/05\/Zaneta-Pawlik-trzepak-2048x1368.jpg 2048w, https:\/\/zanetapawlik.pl\/wp-content\/uploads\/2024\/05\/Zaneta-Pawlik-trzepak-1140x762.jpg 1140w\" sizes=\"auto, (max-width: 1024px) 100vw, 1024px\" \/><\/figure>\n<\/div>\n\n\n<div style=\"height:50px\" aria-hidden=\"true\" class=\"wp-block-spacer\"><\/div>\n\n\n\n<hr class=\"wp-block-separator has-alpha-channel-opacity\"\/>\n\n\n\n<blockquote class=\"wp-block-quote is-layout-flow wp-block-quote-is-layout-flow\">\n<p>\u017baneta Pawlik gwarantuje naturaln\u0105 i swobodn\u0105 narracj\u0119, a tak\u017ce spotkanie z bohaterami, kt\u00f3rych losy \u017cywo obchodz\u0105 czytelnika. S\u0105 pe\u0142ne wzrusze\u0144 i emocji, tajemnic i zwrot\u00f3w akcji, scen odwa\u017cnych, dotykaj\u0105cych nie\u0142atwych, cz\u0119sto wstydliwie zamiatanych pod dywan problem\u00f3w, z kt\u00f3rymi w \u017cyciu czasem trzeba si\u0119 zmierzy\u0107. <\/p>\n<cite>Joanna Jurga\u0142a-Jureczka, pisarka<\/cite><\/blockquote>\n\n\n\n<hr class=\"wp-block-separator has-alpha-channel-opacity\"\/>\n\n\n\n<div style=\"height:50px\" aria-hidden=\"true\" class=\"wp-block-spacer\"><\/div>\n\n\n\n<h2 class=\"wp-block-heading\">\u017baneta Pawlik <\/h2>\n\n\n\n<div class=\"wp-block-media-text has-media-on-the-right is-stacked-on-mobile\"><div class=\"wp-block-media-text__content\">\n<p>Powie\u015bciopisarka. Laureatka konkursu O-po-wie\u015b\u0107-o-graniczeniu organizowanego przez Fundacj\u0119 Olgi Tokarczuk. Ceniona przez czytelnik\u00f3w za g\u0142\u0119bi\u0119 ludzkiej emocjonalno\u015bci i psychologiczn\u0105 z\u0142o\u017cono\u015b\u0107. <a href=\"https:\/\/zanetapawlik.pl\/index.php\/strona-glowna\/\">Wi\u0119cej <\/a><\/p>\n<\/div><figure class=\"wp-block-media-text__media\"><img loading=\"lazy\" decoding=\"async\" width=\"786\" height=\"915\" src=\"https:\/\/zanetapawlik.pl\/wp-content\/uploads\/2024\/05\/image2.jpeg\" alt=\"\" class=\"wp-image-2235 size-full\" srcset=\"https:\/\/zanetapawlik.pl\/wp-content\/uploads\/2024\/05\/image2.jpeg 786w, https:\/\/zanetapawlik.pl\/wp-content\/uploads\/2024\/05\/image2-258x300.jpeg 258w, https:\/\/zanetapawlik.pl\/wp-content\/uploads\/2024\/05\/image2-768x894.jpeg 768w\" sizes=\"auto, (max-width: 786px) 100vw, 786px\" \/><\/figure><\/div>\n\n\n\n<div class=\"wp-block-buttons is-layout-flex wp-block-buttons-is-layout-flex\">\n<div class=\"wp-block-button\"><a class=\"wp-block-button__link has-text-align-center wp-element-button\" href=\"https:\/\/zanetapawlik.pl\/index.php\/dla-bibliotek-organizatorow\/\">ZAPRO\u015a MNIE NA SPOTKANIE DO SWOJEJ BIBLIOTEKI<\/a><\/div>\n<\/div>\n\n\n\n<ul class=\"wp-block-social-links is-layout-flex wp-block-social-links-is-layout-flex\"><li class=\"wp-social-link wp-social-link-instagram  wp-block-social-link\"><a href=\"https:\/\/www.instagram.com\/zanetapawlik.autorka\" class=\"wp-block-social-link-anchor\"><svg width=\"24\" height=\"24\" viewBox=\"0 0 24 24\" version=\"1.1\" xmlns=\"http:\/\/www.w3.org\/2000\/svg\" aria-hidden=\"true\" focusable=\"false\"><path d=\"M12,4.622c2.403,0,2.688,0.009,3.637,0.052c0.877,0.04,1.354,0.187,1.671,0.31c0.42,0.163,0.72,0.358,1.035,0.673 c0.315,0.315,0.51,0.615,0.673,1.035c0.123,0.317,0.27,0.794,0.31,1.671c0.043,0.949,0.052,1.234,0.052,3.637 s-0.009,2.688-0.052,3.637c-0.04,0.877-0.187,1.354-0.31,1.671c-0.163,0.42-0.358,0.72-0.673,1.035 c-0.315,0.315-0.615,0.51-1.035,0.673c-0.317,0.123-0.794,0.27-1.671,0.31c-0.949,0.043-1.233,0.052-3.637,0.052 s-2.688-0.009-3.637-0.052c-0.877-0.04-1.354-0.187-1.671-0.31c-0.42-0.163-0.72-0.358-1.035-0.673 c-0.315-0.315-0.51-0.615-0.673-1.035c-0.123-0.317-0.27-0.794-0.31-1.671C4.631,14.688,4.622,14.403,4.622,12 s0.009-2.688,0.052-3.637c0.04-0.877,0.187-1.354,0.31-1.671c0.163-0.42,0.358-0.72,0.673-1.035 c0.315-0.315,0.615-0.51,1.035-0.673c0.317-0.123,0.794-0.27,1.671-0.31C9.312,4.631,9.597,4.622,12,4.622 M12,3 C9.556,3,9.249,3.01,8.289,3.054C7.331,3.098,6.677,3.25,6.105,3.472C5.513,3.702,5.011,4.01,4.511,4.511 c-0.5,0.5-0.808,1.002-1.038,1.594C3.25,6.677,3.098,7.331,3.054,8.289C3.01,9.249,3,9.556,3,12c0,2.444,0.01,2.751,0.054,3.711 c0.044,0.958,0.196,1.612,0.418,2.185c0.23,0.592,0.538,1.094,1.038,1.594c0.5,0.5,1.002,0.808,1.594,1.038 c0.572,0.222,1.227,0.375,2.185,0.418C9.249,20.99,9.556,21,12,21s2.751-0.01,3.711-0.054c0.958-0.044,1.612-0.196,2.185-0.418 c0.592-0.23,1.094-0.538,1.594-1.038c0.5-0.5,0.808-1.002,1.038-1.594c0.222-0.572,0.375-1.227,0.418-2.185 C20.99,14.751,21,14.444,21,12s-0.01-2.751-0.054-3.711c-0.044-0.958-0.196-1.612-0.418-2.185c-0.23-0.592-0.538-1.094-1.038-1.594 c-0.5-0.5-1.002-0.808-1.594-1.038c-0.572-0.222-1.227-0.375-2.185-0.418C14.751,3.01,14.444,3,12,3L12,3z M12,7.378 c-2.552,0-4.622,2.069-4.622,4.622S9.448,16.622,12,16.622s4.622-2.069,4.622-4.622S14.552,7.378,12,7.378z M12,15 c-1.657,0-3-1.343-3-3s1.343-3,3-3s3,1.343,3,3S13.657,15,12,15z M16.804,6.116c-0.596,0-1.08,0.484-1.08,1.08 s0.484,1.08,1.08,1.08c0.596,0,1.08-0.484,1.08-1.08S17.401,6.116,16.804,6.116z\"><\/path><\/svg><span class=\"wp-block-social-link-label screen-reader-text\">Instagram<\/span><\/a><\/li>\n\n<li class=\"wp-social-link wp-social-link-facebook  wp-block-social-link\"><a href=\"https:\/\/www.facebook.com\/zanetapawlik.autorka\" class=\"wp-block-social-link-anchor\"><svg width=\"24\" height=\"24\" viewBox=\"0 0 24 24\" version=\"1.1\" xmlns=\"http:\/\/www.w3.org\/2000\/svg\" aria-hidden=\"true\" focusable=\"false\"><path d=\"M12 2C6.5 2 2 6.5 2 12c0 5 3.7 9.1 8.4 9.9v-7H7.9V12h2.5V9.8c0-2.5 1.5-3.9 3.8-3.9 1.1 0 2.2.2 2.2.2v2.5h-1.3c-1.2 0-1.6.8-1.6 1.6V12h2.8l-.4 2.9h-2.3v7C18.3 21.1 22 17 22 12c0-5.5-4.5-10-10-10z\"><\/path><\/svg><span class=\"wp-block-social-link-label screen-reader-text\">Facebook<\/span><\/a><\/li>\n\n<li class=\"wp-social-link wp-social-link-youtube  wp-block-social-link\"><a href=\"https:\/\/www.youtube.com\/channel\/UCJIUSvwwnVnMMYFxPEooWLg\" class=\"wp-block-social-link-anchor\"><svg width=\"24\" height=\"24\" viewBox=\"0 0 24 24\" version=\"1.1\" xmlns=\"http:\/\/www.w3.org\/2000\/svg\" aria-hidden=\"true\" focusable=\"false\"><path d=\"M21.8,8.001c0,0-0.195-1.378-0.795-1.985c-0.76-0.797-1.613-0.801-2.004-0.847c-2.799-0.202-6.997-0.202-6.997-0.202 h-0.009c0,0-4.198,0-6.997,0.202C4.608,5.216,3.756,5.22,2.995,6.016C2.395,6.623,2.2,8.001,2.2,8.001S2,9.62,2,11.238v1.517 c0,1.618,0.2,3.237,0.2,3.237s0.195,1.378,0.795,1.985c0.761,0.797,1.76,0.771,2.205,0.855c1.6,0.153,6.8,0.201,6.8,0.201 s4.203-0.006,7.001-0.209c0.391-0.047,1.243-0.051,2.004-0.847c0.6-0.607,0.795-1.985,0.795-1.985s0.2-1.618,0.2-3.237v-1.517 C22,9.62,21.8,8.001,21.8,8.001z M9.935,14.594l-0.001-5.62l5.404,2.82L9.935,14.594z\"><\/path><\/svg><span class=\"wp-block-social-link-label screen-reader-text\">YouTube<\/span><\/a><\/li>\n\n<li class=\"wp-social-link wp-social-link-spotify  wp-block-social-link\"><a href=\"https:\/\/open.spotify.com\/show\/3hY0VDUOCnW21ZZCHz0O9T?si=e8eeb473c0f941e9\" class=\"wp-block-social-link-anchor\"><svg width=\"24\" height=\"24\" viewBox=\"0 0 24 24\" version=\"1.1\" xmlns=\"http:\/\/www.w3.org\/2000\/svg\" aria-hidden=\"true\" focusable=\"false\"><path d=\"M12,2C6.477,2,2,6.477,2,12c0,5.523,4.477,10,10,10c5.523,0,10-4.477,10-10C22,6.477,17.523,2,12,2 M16.586,16.424 c-0.18,0.295-0.563,0.387-0.857,0.207c-2.348-1.435-5.304-1.76-8.785-0.964c-0.335,0.077-0.67-0.133-0.746-0.469 c-0.077-0.335,0.132-0.67,0.469-0.746c3.809-0.871,7.077-0.496,9.713,1.115C16.673,15.746,16.766,16.13,16.586,16.424 M17.81,13.7 c-0.226,0.367-0.706,0.482-1.072,0.257c-2.687-1.652-6.785-2.131-9.965-1.166C6.36,12.917,5.925,12.684,5.8,12.273 C5.675,11.86,5.908,11.425,6.32,11.3c3.632-1.102,8.147-0.568,11.234,1.328C17.92,12.854,18.035,13.335,17.81,13.7 M17.915,10.865 c-3.223-1.914-8.54-2.09-11.618-1.156C5.804,9.859,5.281,9.58,5.131,9.086C4.982,8.591,5.26,8.069,5.755,7.919 c3.532-1.072,9.404-0.865,13.115,1.338c0.445,0.264,0.59,0.838,0.327,1.282C18.933,10.983,18.359,11.129,17.915,10.865\"><\/path><\/svg><span class=\"wp-block-social-link-label screen-reader-text\">Spotify<\/span><\/a><\/li>\n\n<li class=\"wp-social-link wp-social-link-tiktok  wp-block-social-link\"><a href=\"https:\/\/www.tiktok.com\/@zanetapawlik.autorka\" class=\"wp-block-social-link-anchor\"><svg width=\"24\" height=\"24\" viewBox=\"0 0 32 32\" version=\"1.1\" xmlns=\"http:\/\/www.w3.org\/2000\/svg\" aria-hidden=\"true\" focusable=\"false\"><path d=\"M16.708 0.027c1.745-0.027 3.48-0.011 5.213-0.027 0.105 2.041 0.839 4.12 2.333 5.563 1.491 1.479 3.6 2.156 5.652 2.385v5.369c-1.923-0.063-3.855-0.463-5.6-1.291-0.76-0.344-1.468-0.787-2.161-1.24-0.009 3.896 0.016 7.787-0.025 11.667-0.104 1.864-0.719 3.719-1.803 5.255-1.744 2.557-4.771 4.224-7.88 4.276-1.907 0.109-3.812-0.411-5.437-1.369-2.693-1.588-4.588-4.495-4.864-7.615-0.032-0.667-0.043-1.333-0.016-1.984 0.24-2.537 1.495-4.964 3.443-6.615 2.208-1.923 5.301-2.839 8.197-2.297 0.027 1.975-0.052 3.948-0.052 5.923-1.323-0.428-2.869-0.308-4.025 0.495-0.844 0.547-1.485 1.385-1.819 2.333-0.276 0.676-0.197 1.427-0.181 2.145 0.317 2.188 2.421 4.027 4.667 3.828 1.489-0.016 2.916-0.88 3.692-2.145 0.251-0.443 0.532-0.896 0.547-1.417 0.131-2.385 0.079-4.76 0.095-7.145 0.011-5.375-0.016-10.735 0.025-16.093z\" \/><\/svg><span class=\"wp-block-social-link-label screen-reader-text\">TikTok<\/span><\/a><\/li><\/ul>\n\n\n\n<div style=\"height:52px\" aria-hidden=\"true\" class=\"wp-block-spacer\"><\/div>\n\n\n\n<p><\/p>\n<!-- AddThis Advanced Settings generic via filter on the_content --><!-- AddThis Share Buttons generic via filter on the_content -->","protected":false},"excerpt":{"rendered":"<p>Autorka wsp\u00f3\u0142czesnej prozy o ludziach staj\u0105cych w obliczu \u017cyciowych wyzwa\u0144, kt\u00f3rzy poszukuj\u0105 mi\u0142o\u015bci, bezpiecze\u0144stwa i w\u0142asnej drogi. Pisze powie\u015bci obyczajowe i literatur\u0119 pi\u0119kn\u0105, \u0142\u0105cz\u0105c w\u0105tki psychologiczne z refleksj\u0105 nad codzienno\u015bci\u0105. \u017baneta Pawlik wnikliwie obserwuje rzeczywisto\u015b\u0107 i w znakomitej formie serwuje j\u0105 czytelnikom, z wyczuciem poruszaj\u0105c si\u0119 po wa\u017cnych i trudnych tematach. Tomasz Betcher, autor Ksi\u0105\u017cki \u017baneta Pawlik gwarantuje naturaln\u0105 i swobodn\u0105 narracj\u0119, a tak\u017ce spotkanie z bohaterami, kt\u00f3rych losy \u017cywo obchodz\u0105 czytelnika. S\u0105 pe\u0142ne wzrusze\u0144 i emocji, tajemnic i zwrot\u00f3w akcji, scen odwa\u017cnych, dotykaj\u0105cych nie\u0142atwych, cz\u0119sto wstydliwie zamiatanych pod dywan problem\u00f3w, z kt\u00f3rymi w \u017cyciu czasem trzeba si\u0119 zmierzy\u0107. Joanna Jurga\u0142a-Jureczka, pisarka \u017baneta Pawlik Powie\u015bciopisarka. Laureatka konkursu O-po-wie\u015b\u0107-o-graniczeniu organizowanego przez Fundacj\u0119 Olgi Tokarczuk. Ceniona przez czytelnik\u00f3w za g\u0142\u0119bi\u0119 ludzkiej emocjonalno\u015bci i psychologiczn\u0105 z\u0142o\u017cono\u015b\u0107. Wi\u0119cej<!-- AddThis Advanced Settings generic via filter on get_the_excerpt --><!-- AddThis Share Buttons generic via filter on get_the_excerpt --><\/p>\n","protected":false},"author":1,"featured_media":0,"parent":0,"menu_order":0,"comment_status":"closed","ping_status":"closed","template":"","meta":{"_exactmetrics_skip_tracking":false,"_exactmetrics_sitenote_active":false,"_exactmetrics_sitenote_note":"","_exactmetrics_sitenote_category":0,"_monsterinsights_skip_tracking":false,"_monsterinsights_sitenote_active":false,"_monsterinsights_sitenote_note":"","_monsterinsights_sitenote_category":0,"footnotes":""},"class_list":["post-1823","page","type-page","status-publish","hentry"],"yoast_head":"<!-- This site is optimized with the Yoast SEO plugin v27.3 - https:\/\/yoast.com\/product\/yoast-seo-wordpress\/ -->\n<title>\u017baneta Pawlik - \u017baneta Pawlik<\/title>\n<meta name=\"description\" content=\"Jestem autork\u0105 ksi\u0105\u017cek, w kt\u00f3rych dotykam wa\u017cnych problem\u00f3w spo\u0142ecznych. Nagrywam podcast Pisarskie Dywagacje i literaturze i rynku ksi\u0105\u017cki.\" \/>\n<meta name=\"robots\" content=\"index, follow, max-snippet:-1, max-image-preview:large, max-video-preview:-1\" \/>\n<link rel=\"canonical\" href=\"https:\/\/zanetapawlik.pl\/\" \/>\n<meta property=\"og:locale\" content=\"pl_PL\" \/>\n<meta property=\"og:type\" content=\"article\" \/>\n<meta property=\"og:title\" content=\"\u017baneta Pawlik - \u017baneta Pawlik\" \/>\n<meta property=\"og:description\" content=\"Jestem autork\u0105 ksi\u0105\u017cek, w kt\u00f3rych dotykam wa\u017cnych problem\u00f3w spo\u0142ecznych. Nagrywam podcast Pisarskie Dywagacje i literaturze i rynku ksi\u0105\u017cki.\" \/>\n<meta property=\"og:url\" content=\"https:\/\/zanetapawlik.pl\/\" \/>\n<meta property=\"og:site_name\" content=\"\u017baneta Pawlik\" \/>\n<meta property=\"article:modified_time\" content=\"2026-04-11T15:12:51+00:00\" \/>\n<meta property=\"og:image\" content=\"https:\/\/zanetapawlik.pl\/wp-content\/uploads\/2024\/05\/Zaneta-Pawlik-cegla-scaled.jpg\" \/>\n\t<meta property=\"og:image:width\" content=\"2560\" \/>\n\t<meta property=\"og:image:height\" content=\"1708\" \/>\n\t<meta property=\"og:image:type\" content=\"image\/jpeg\" \/>\n<meta name=\"twitter:card\" content=\"summary_large_image\" \/>\n<meta name=\"twitter:label1\" content=\"Szacowany czas czytania\" \/>\n\t<meta name=\"twitter:data1\" content=\"2 minuty\" \/>\n<script type=\"application\/ld+json\" class=\"yoast-schema-graph\">{\"@context\":\"https:\\\/\\\/schema.org\",\"@graph\":[{\"@type\":\"WebPage\",\"@id\":\"https:\\\/\\\/zanetapawlik.pl\\\/\",\"url\":\"https:\\\/\\\/zanetapawlik.pl\\\/\",\"name\":\"\u017baneta Pawlik - \u017baneta Pawlik\",\"isPartOf\":{\"@id\":\"https:\\\/\\\/zanetapawlik.pl\\\/#website\"},\"primaryImageOfPage\":{\"@id\":\"https:\\\/\\\/zanetapawlik.pl\\\/#primaryimage\"},\"image\":{\"@id\":\"https:\\\/\\\/zanetapawlik.pl\\\/#primaryimage\"},\"thumbnailUrl\":\"https:\\\/\\\/zanetapawlik.pl\\\/wp-content\\\/uploads\\\/2024\\\/05\\\/Zaneta-Pawlik-cegla-1024x683.jpg\",\"datePublished\":\"2024-01-30T12:22:31+00:00\",\"dateModified\":\"2026-04-11T15:12:51+00:00\",\"description\":\"Jestem autork\u0105 ksi\u0105\u017cek, w kt\u00f3rych dotykam wa\u017cnych problem\u00f3w spo\u0142ecznych. Nagrywam podcast Pisarskie Dywagacje i literaturze i rynku ksi\u0105\u017cki.\",\"breadcrumb\":{\"@id\":\"https:\\\/\\\/zanetapawlik.pl\\\/#breadcrumb\"},\"inLanguage\":\"pl-PL\",\"potentialAction\":[{\"@type\":\"ReadAction\",\"target\":[\"https:\\\/\\\/zanetapawlik.pl\\\/\"]}]},{\"@type\":\"ImageObject\",\"inLanguage\":\"pl-PL\",\"@id\":\"https:\\\/\\\/zanetapawlik.pl\\\/#primaryimage\",\"url\":\"https:\\\/\\\/zanetapawlik.pl\\\/wp-content\\\/uploads\\\/2024\\\/05\\\/Zaneta-Pawlik-cegla-scaled.jpg\",\"contentUrl\":\"https:\\\/\\\/zanetapawlik.pl\\\/wp-content\\\/uploads\\\/2024\\\/05\\\/Zaneta-Pawlik-cegla-scaled.jpg\",\"width\":2560,\"height\":1708},{\"@type\":\"BreadcrumbList\",\"@id\":\"https:\\\/\\\/zanetapawlik.pl\\\/#breadcrumb\",\"itemListElement\":[{\"@type\":\"ListItem\",\"position\":1,\"name\":\"Strona g\u0142\u00f3wna\",\"item\":\"https:\\\/\\\/zanetapawlik.pl\\\/\"},{\"@type\":\"ListItem\",\"position\":2,\"name\":\"\u017baneta Pawlik\"}]},{\"@type\":\"WebSite\",\"@id\":\"https:\\\/\\\/zanetapawlik.pl\\\/#website\",\"url\":\"https:\\\/\\\/zanetapawlik.pl\\\/\",\"name\":\"\u017baneta Pawlik\",\"description\":\"Powie\u015bciopisarka\",\"potentialAction\":[{\"@type\":\"SearchAction\",\"target\":{\"@type\":\"EntryPoint\",\"urlTemplate\":\"https:\\\/\\\/zanetapawlik.pl\\\/?s={search_term_string}\"},\"query-input\":{\"@type\":\"PropertyValueSpecification\",\"valueRequired\":true,\"valueName\":\"search_term_string\"}}],\"inLanguage\":\"pl-PL\"}]}<\/script>\n<!-- \/ Yoast SEO plugin. -->","yoast_head_json":{"title":"\u017baneta Pawlik - \u017baneta Pawlik","description":"Jestem autork\u0105 ksi\u0105\u017cek, w kt\u00f3rych dotykam wa\u017cnych problem\u00f3w spo\u0142ecznych. Nagrywam podcast Pisarskie Dywagacje i literaturze i rynku ksi\u0105\u017cki.","robots":{"index":"index","follow":"follow","max-snippet":"max-snippet:-1","max-image-preview":"max-image-preview:large","max-video-preview":"max-video-preview:-1"},"canonical":"https:\/\/zanetapawlik.pl\/","og_locale":"pl_PL","og_type":"article","og_title":"\u017baneta Pawlik - \u017baneta Pawlik","og_description":"Jestem autork\u0105 ksi\u0105\u017cek, w kt\u00f3rych dotykam wa\u017cnych problem\u00f3w spo\u0142ecznych. Nagrywam podcast Pisarskie Dywagacje i literaturze i rynku ksi\u0105\u017cki.","og_url":"https:\/\/zanetapawlik.pl\/","og_site_name":"\u017baneta Pawlik","article_modified_time":"2026-04-11T15:12:51+00:00","og_image":[{"width":2560,"height":1708,"url":"https:\/\/zanetapawlik.pl\/wp-content\/uploads\/2024\/05\/Zaneta-Pawlik-cegla-scaled.jpg","type":"image\/jpeg"}],"twitter_card":"summary_large_image","twitter_misc":{"Szacowany czas czytania":"2 minuty"},"schema":{"@context":"https:\/\/schema.org","@graph":[{"@type":"WebPage","@id":"https:\/\/zanetapawlik.pl\/","url":"https:\/\/zanetapawlik.pl\/","name":"\u017baneta Pawlik - \u017baneta Pawlik","isPartOf":{"@id":"https:\/\/zanetapawlik.pl\/#website"},"primaryImageOfPage":{"@id":"https:\/\/zanetapawlik.pl\/#primaryimage"},"image":{"@id":"https:\/\/zanetapawlik.pl\/#primaryimage"},"thumbnailUrl":"https:\/\/zanetapawlik.pl\/wp-content\/uploads\/2024\/05\/Zaneta-Pawlik-cegla-1024x683.jpg","datePublished":"2024-01-30T12:22:31+00:00","dateModified":"2026-04-11T15:12:51+00:00","description":"Jestem autork\u0105 ksi\u0105\u017cek, w kt\u00f3rych dotykam wa\u017cnych problem\u00f3w spo\u0142ecznych. Nagrywam podcast Pisarskie Dywagacje i literaturze i rynku ksi\u0105\u017cki.","breadcrumb":{"@id":"https:\/\/zanetapawlik.pl\/#breadcrumb"},"inLanguage":"pl-PL","potentialAction":[{"@type":"ReadAction","target":["https:\/\/zanetapawlik.pl\/"]}]},{"@type":"ImageObject","inLanguage":"pl-PL","@id":"https:\/\/zanetapawlik.pl\/#primaryimage","url":"https:\/\/zanetapawlik.pl\/wp-content\/uploads\/2024\/05\/Zaneta-Pawlik-cegla-scaled.jpg","contentUrl":"https:\/\/zanetapawlik.pl\/wp-content\/uploads\/2024\/05\/Zaneta-Pawlik-cegla-scaled.jpg","width":2560,"height":1708},{"@type":"BreadcrumbList","@id":"https:\/\/zanetapawlik.pl\/#breadcrumb","itemListElement":[{"@type":"ListItem","position":1,"name":"Strona g\u0142\u00f3wna","item":"https:\/\/zanetapawlik.pl\/"},{"@type":"ListItem","position":2,"name":"\u017baneta Pawlik"}]},{"@type":"WebSite","@id":"https:\/\/zanetapawlik.pl\/#website","url":"https:\/\/zanetapawlik.pl\/","name":"\u017baneta Pawlik","description":"Powie\u015bciopisarka","potentialAction":[{"@type":"SearchAction","target":{"@type":"EntryPoint","urlTemplate":"https:\/\/zanetapawlik.pl\/?s={search_term_string}"},"query-input":{"@type":"PropertyValueSpecification","valueRequired":true,"valueName":"search_term_string"}}],"inLanguage":"pl-PL"}]}},"_links":{"self":[{"href":"https:\/\/zanetapawlik.pl\/index.php\/wp-json\/wp\/v2\/pages\/1823","targetHints":{"allow":["GET"]}}],"collection":[{"href":"https:\/\/zanetapawlik.pl\/index.php\/wp-json\/wp\/v2\/pages"}],"about":[{"href":"https:\/\/zanetapawlik.pl\/index.php\/wp-json\/wp\/v2\/types\/page"}],"author":[{"embeddable":true,"href":"https:\/\/zanetapawlik.pl\/index.php\/wp-json\/wp\/v2\/users\/1"}],"replies":[{"embeddable":true,"href":"https:\/\/zanetapawlik.pl\/index.php\/wp-json\/wp\/v2\/comments?post=1823"}],"version-history":[{"count":142,"href":"https:\/\/zanetapawlik.pl\/index.php\/wp-json\/wp\/v2\/pages\/1823\/revisions"}],"predecessor-version":[{"id":2513,"href":"https:\/\/zanetapawlik.pl\/index.php\/wp-json\/wp\/v2\/pages\/1823\/revisions\/2513"}],"wp:attachment":[{"href":"https:\/\/zanetapawlik.pl\/index.php\/wp-json\/wp\/v2\/media?parent=1823"}],"curies":[{"name":"wp","href":"https:\/\/api.w.org\/{rel}","templated":true}]}}